{"id":84,"date":"2018-06-29T13:32:44","date_gmt":"2018-06-29T13:32:44","guid":{"rendered":"http:\/\/gollong-hausmeisterservice.de\/?page_id=84"},"modified":"2018-12-18T20:08:38","modified_gmt":"2018-12-18T20:08:38","slug":"unkrautvernichtung","status":"publish","type":"page","link":"https:\/\/gollong-hausmeisterservice.de\/?page_id=84","title":{"rendered":"Unkrautvernichtung"},"content":{"rendered":"<p><img loading=\"lazy\" decoding=\"async\" class=\"alignleft size-medium wp-image-91\" src=\"http:\/\/gollong-hausmeisterservice.de\/wp-content\/uploads\/2018\/07\/Mid-Series-incl-watertank-show-300x231.jpg\" alt=\"\" width=\"300\" height=\"231\" srcset=\"https:\/\/gollong-hausmeisterservice.de\/wp-content\/uploads\/2018\/07\/Mid-Series-incl-watertank-show-300x231.jpg 300w, https:\/\/gollong-hausmeisterservice.de\/wp-content\/uploads\/2018\/07\/Mid-Series-incl-watertank-show-768x591.jpg 768w, https:\/\/gollong-hausmeisterservice.de\/wp-content\/uploads\/2018\/07\/Mid-Series-incl-watertank-show-1024x788.jpg 1024w\" sizes=\"auto, (max-width: 300px) 100vw, 300px\" \/><\/p>\n<p><em><strong>Sie haben es auch satt,\u00a0 Unkraut per Hand zu j\u00e4ten oder ewig giftige Unkrautvernichtungsmittel in Ihrem Garten auszubringen?<\/strong><\/em><\/p>\n<p>Wenn ja, dann haben Wir genau das richtige f\u00fcr Sie!<\/p>\n<p>Die thermische Unkrautbek\u00e4mpfung basiert auf der \u00dcbertragung von Energie (W\u00e4rme) auf die Pflanze. Wasser ist einer der besten Energietr\u00e4ger der Natur und oft leicht verf\u00fcgbar.<\/p>\n<p>Wir vernichten Ihr Unkraut rein biologisch mit unserem Wave Weed Ger\u00e4t.<br \/>\nDieses Ger\u00e4t vernichtet das Unkraut mit hei\u00dfem Wasser (das kochend hei\u00dfe Wasser trifft die Pflanze und zerst\u00f6rt\u00a0 die Zellen der Pflanze, somit kann sie keine Photosynthese mehr betreiben). Nach nur wenigen Tagen wird die Pflanze braun und stirbt ab.<\/p>\n<p>Wir stehen Ihnen gerne f\u00fcr ein unverbindliches Angebot zur Verf\u00fcgung.<\/p>\n","protected":false},"excerpt":{"rendered":"<p>Sie haben es auch satt,\u00a0 Unkraut per Hand zu j\u00e4ten oder ewig giftige Unkrautvernichtungsmittel in Ihrem Garten auszubringen? Wenn ja, dann haben Wir genau das richtige f\u00fcr Sie! Die thermische Unkrautbek\u00e4mpfung basiert auf der \u00dcbertragung von Energie (W\u00e4rme) auf die Pflanze. Wasser ist einer der besten Energietr\u00e4ger der Natur und oft leicht verf\u00fcgbar. Wir vernichten [&hellip;]<\/p>\n","protected":false},"author":1,"featured_media":0,"parent":0,"menu_order":0,"comment_status":"closed","ping_status":"closed","template":"","meta":{"footnotes":""},"class_list":["post-84","page","type-page","status-publish","hentry"],"_links":{"self":[{"href":"https:\/\/gollong-hausmeisterservice.de\/index.php?rest_route=\/wp\/v2\/pages\/84","targetHints":{"allow":["GET"]}}],"collection":[{"href":"https:\/\/gollong-hausmeisterservice.de\/index.php?rest_route=\/wp\/v2\/pages"}],"about":[{"href":"https:\/\/gollong-hausmeisterservice.de\/index.php?rest_route=\/wp\/v2\/types\/page"}],"author":[{"embeddable":true,"href":"https:\/\/gollong-hausmeisterservice.de\/index.php?rest_route=\/wp\/v2\/users\/1"}],"replies":[{"embeddable":true,"href":"https:\/\/gollong-hausmeisterservice.de\/index.php?rest_route=%2Fwp%2Fv2%2Fcomments&post=84"}],"version-history":[{"count":15,"href":"https:\/\/gollong-hausmeisterservice.de\/index.php?rest_route=\/wp\/v2\/pages\/84\/revisions"}],"predecessor-version":[{"id":304,"href":"https:\/\/gollong-hausmeisterservice.de\/index.php?rest_route=\/wp\/v2\/pages\/84\/revisions\/304"}],"wp:attachment":[{"href":"https:\/\/gollong-hausmeisterservice.de\/index.php?rest_route=%2Fwp%2Fv2%2Fmedia&parent=84"}],"curies":[{"name":"wp","href":"https:\/\/api.w.org\/{rel}","templated":true}]}}