{"id":753,"date":"2022-12-24T11:05:50","date_gmt":"2022-12-24T11:05:50","guid":{"rendered":"https:\/\/gollong-hausmeisterservice.de\/?page_id=753"},"modified":"2022-12-24T11:08:43","modified_gmt":"2022-12-24T11:08:43","slug":"hochdruckreinigung","status":"publish","type":"page","link":"https:\/\/gollong-hausmeisterservice.de\/?page_id=753","title":{"rendered":"Hochdruckreinigung"},"content":{"rendered":"\n<p><strong>Der Zahn der Zeit nagt auch an Ihren Au\u00dfenfl\u00e4chen. <\/strong><\/p>\n\n\n\n<p>Diese Folgen sind mit der Kraft der Wassers problemlos und \u00f6kologisch zu reinigen. Wir \u00fcbernehmen diesen Job f\u00fcr Sie, mit unseren hochmodernen Hochdruckreinigern. Ob mit starkem Druck oder Hei\u00dfwasser, wir sind f\u00fcr jede Verschmutzung gewappnet. <\/p>\n\n\n\n<p><\/p>\n\n\n\n<p><strong>Wir erledigen folgende Aufgaben: <\/strong><\/p>\n\n\n\n<ul class=\"wp-block-list\"><li>Hochdruckreinigung (Treppenanlagen, Pflasterfl\u00e4chen, Garagenauffahrten etc.) <\/li><li>Hei\u00dfwasserreinigung (Speziell zur Beseitigung von Gr\u00fcnbel\u00e4gen) <\/li><\/ul>\n\n\n\n<p><strong>Beispielbilder: <\/strong><\/p>\n\n\n\n<figure class=\"wp-block-gallery has-nested-images columns-default wp-block-gallery-1 is-layout-flex wp-block-gallery-is-layout-flex\">\n<figure class=\"wp-block-image size-thumbnail\"><a href=\"https:\/\/gollong-hausmeisterservice.de\/wp-content\/uploads\/2018\/12\/Dach2.jpg\"><img loading=\"lazy\" decoding=\"async\" width=\"150\" height=\"150\" data-id=\"246\" src=\"https:\/\/gollong-hausmeisterservice.de\/wp-content\/uploads\/2018\/12\/Dach2-150x150.jpg\" alt=\"\" class=\"wp-image-246\" srcset=\"https:\/\/gollong-hausmeisterservice.de\/wp-content\/uploads\/2018\/12\/Dach2-150x150.jpg 150w, https:\/\/gollong-hausmeisterservice.de\/wp-content\/uploads\/2018\/12\/Dach2-1200x1200.jpg 1200w, https:\/\/gollong-hausmeisterservice.de\/wp-content\/uploads\/2018\/12\/Dach2-100x100.jpg 100w\" sizes=\"auto, (max-width: 150px) 100vw, 150px\" \/><\/a><\/figure>\n\n\n\n<figure class=\"wp-block-image size-thumbnail\"><a href=\"https:\/\/gollong-hausmeisterservice.de\/wp-content\/uploads\/2022\/12\/Hochdruckreinigung.jpg\"><img loading=\"lazy\" decoding=\"async\" width=\"150\" height=\"150\" data-id=\"754\" src=\"https:\/\/gollong-hausmeisterservice.de\/wp-content\/uploads\/2022\/12\/Hochdruckreinigung-150x150.jpg\" alt=\"\" class=\"wp-image-754\" srcset=\"https:\/\/gollong-hausmeisterservice.de\/wp-content\/uploads\/2022\/12\/Hochdruckreinigung-150x150.jpg 150w, https:\/\/gollong-hausmeisterservice.de\/wp-content\/uploads\/2022\/12\/Hochdruckreinigung-300x300.jpg 300w, https:\/\/gollong-hausmeisterservice.de\/wp-content\/uploads\/2022\/12\/Hochdruckreinigung-1024x1024.jpg 1024w, https:\/\/gollong-hausmeisterservice.de\/wp-content\/uploads\/2022\/12\/Hochdruckreinigung-768x768.jpg 768w, https:\/\/gollong-hausmeisterservice.de\/wp-content\/uploads\/2022\/12\/Hochdruckreinigung.jpg 1536w\" sizes=\"auto, (max-width: 150px) 100vw, 150px\" \/><\/a><\/figure>\n<\/figure>\n","protected":false},"excerpt":{"rendered":"<p>Der Zahn der Zeit nagt auch an Ihren Au\u00dfenfl\u00e4chen. Diese Folgen sind mit der Kraft der Wassers problemlos und \u00f6kologisch zu reinigen. Wir \u00fcbernehmen diesen Job f\u00fcr Sie, mit unseren hochmodernen Hochdruckreinigern. Ob mit starkem Druck oder Hei\u00dfwasser, wir sind f\u00fcr jede Verschmutzung gewappnet. Wir erledigen folgende Aufgaben: Hochdruckreinigung (Treppenanlagen, Pflasterfl\u00e4chen, Garagenauffahrten etc.) Hei\u00dfwasserreinigung (Speziell [&hellip;]<\/p>\n","protected":false},"author":1,"featured_media":0,"parent":0,"menu_order":0,"comment_status":"closed","ping_status":"closed","template":"","meta":{"footnotes":""},"class_list":["post-753","page","type-page","status-publish","hentry"],"_links":{"self":[{"href":"https:\/\/gollong-hausmeisterservice.de\/index.php?rest_route=\/wp\/v2\/pages\/753","targetHints":{"allow":["GET"]}}],"collection":[{"href":"https:\/\/gollong-hausmeisterservice.de\/index.php?rest_route=\/wp\/v2\/pages"}],"about":[{"href":"https:\/\/gollong-hausmeisterservice.de\/index.php?rest_route=\/wp\/v2\/types\/page"}],"author":[{"embeddable":true,"href":"https:\/\/gollong-hausmeisterservice.de\/index.php?rest_route=\/wp\/v2\/users\/1"}],"replies":[{"embeddable":true,"href":"https:\/\/gollong-hausmeisterservice.de\/index.php?rest_route=%2Fwp%2Fv2%2Fcomments&post=753"}],"version-history":[{"count":3,"href":"https:\/\/gollong-hausmeisterservice.de\/index.php?rest_route=\/wp\/v2\/pages\/753\/revisions"}],"predecessor-version":[{"id":759,"href":"https:\/\/gollong-hausmeisterservice.de\/index.php?rest_route=\/wp\/v2\/pages\/753\/revisions\/759"}],"wp:attachment":[{"href":"https:\/\/gollong-hausmeisterservice.de\/index.php?rest_route=%2Fwp%2Fv2%2Fmedia&parent=753"}],"curies":[{"name":"wp","href":"https:\/\/api.w.org\/{rel}","templated":true}]}}