{"id":58,"date":"2018-06-29T13:21:41","date_gmt":"2018-06-29T13:21:41","guid":{"rendered":"http:\/\/gollong-hausmeisterservice.de\/?page_id=58"},"modified":"2022-12-24T11:21:03","modified_gmt":"2022-12-24T11:21:03","slug":"gartenpflege","status":"publish","type":"page","link":"https:\/\/gollong-hausmeisterservice.de\/?page_id=58","title":{"rendered":"Gartenpflege"},"content":{"rendered":"<p><strong>Ein Garten verlang auch viel Pflege und Aufmerksamkeit<\/strong>.<\/p>\n<p>Genau f\u00fcr diese Pflege sind wir genau der richtige Ansprechpartner. Mit unserem geschultem Fachpersonal werden wir genau die richtige Pflege f\u00fcr Ihr Anwesen finden.<\/p>\n<p>Wir erledigen f\u00fcr Sie:<\/p>\n<ul>\n<li>Rasenpflege<\/li>\n<li>Pflanzberatung<\/li>\n<li>Hecken-, Strauch- und Baumschnitt<\/li>\n<li>Entsorgung von Gartenabf\u00e4llen<\/li>\n<li>Beetpflege<\/li>\n<li>Unkrautentfernung auf Fusswegen<\/li>\n<li>Mulchen von Beeten und Heckenstreifen mit Rindenmulch<\/li>\n<li>Sandaustausch<\/li>\n<\/ul>\n","protected":false},"excerpt":{"rendered":"<p>Ein Garten verlang auch viel Pflege und Aufmerksamkeit. Genau f\u00fcr diese Pflege sind wir genau der richtige Ansprechpartner. Mit unserem geschultem Fachpersonal werden wir genau die richtige Pflege f\u00fcr Ihr Anwesen finden. Wir erledigen f\u00fcr Sie: Rasenpflege Pflanzberatung Hecken-, Strauch- und Baumschnitt Entsorgung von Gartenabf\u00e4llen Beetpflege Unkrautentfernung auf Fusswegen Mulchen von Beeten und Heckenstreifen mit [&hellip;]<\/p>\n","protected":false},"author":1,"featured_media":0,"parent":0,"menu_order":0,"comment_status":"closed","ping_status":"closed","template":"","meta":{"footnotes":""},"class_list":["post-58","page","type-page","status-publish","hentry"],"_links":{"self":[{"href":"https:\/\/gollong-hausmeisterservice.de\/index.php?rest_route=\/wp\/v2\/pages\/58","targetHints":{"allow":["GET"]}}],"collection":[{"href":"https:\/\/gollong-hausmeisterservice.de\/index.php?rest_route=\/wp\/v2\/pages"}],"about":[{"href":"https:\/\/gollong-hausmeisterservice.de\/index.php?rest_route=\/wp\/v2\/types\/page"}],"author":[{"embeddable":true,"href":"https:\/\/gollong-hausmeisterservice.de\/index.php?rest_route=\/wp\/v2\/users\/1"}],"replies":[{"embeddable":true,"href":"https:\/\/gollong-hausmeisterservice.de\/index.php?rest_route=%2Fwp%2Fv2%2Fcomments&post=58"}],"version-history":[{"count":5,"href":"https:\/\/gollong-hausmeisterservice.de\/index.php?rest_route=\/wp\/v2\/pages\/58\/revisions"}],"predecessor-version":[{"id":764,"href":"https:\/\/gollong-hausmeisterservice.de\/index.php?rest_route=\/wp\/v2\/pages\/58\/revisions\/764"}],"wp:attachment":[{"href":"https:\/\/gollong-hausmeisterservice.de\/index.php?rest_route=%2Fwp%2Fv2%2Fmedia&parent=58"}],"curies":[{"name":"wp","href":"https:\/\/api.w.org\/{rel}","templated":true}]}}