{"id":474,"date":"2022-01-03T14:52:53","date_gmt":"2022-01-03T14:52:53","guid":{"rendered":"https:\/\/gollong-hausmeisterservice.de\/?page_id=474"},"modified":"2024-01-11T15:17:58","modified_gmt":"2024-01-11T15:17:58","slug":"gartenaustattung","status":"publish","type":"page","link":"https:\/\/gollong-hausmeisterservice.de\/?page_id=474","title":{"rendered":"Gartenaustattung"},"content":{"rendered":"\n<p>Selbstverst\u00e4ndlichen k\u00f6nnen wir Ihnen auch mit verschiedensten Austattungsgegenst\u00e4nden unserer regionalen Partner behilflich sein, ob ein M\u00fclltonnenhaus, eine Sitzbank oder ein Carport wir stehen Ihnen gerne mit Rat und Tat zur Seite<\/p>\n\n\n\n<p><\/p>\n\n\n\n<p><strong>Wir verbauen f\u00fcr Sie:<\/strong><\/p>\n\n\n\n<ul class=\"wp-block-list\">\n<li>M\u00fclltonnenh\u00e4user<\/li>\n\n\n\n<li>Briefk\u00e4sten<\/li>\n\n\n\n<li>Carports<\/li>\n\n\n\n<li>Sitzb\u00e4nke<\/li>\n\n\n\n<li>Pflanztr\u00f6ge\/Pflanzk\u00fcbel<\/li>\n\n\n\n<li>Fahrradst\u00e4nder<\/li>\n\n\n\n<li>Pergolen <\/li>\n\n\n\n<li>Rankger\u00fcste <\/li>\n<\/ul>\n\n\n\n<p><strong>Beispielbilder:<\/strong><\/p>\n\n\n\n<div class=\"wp-block-group\"><div class=\"wp-block-group__inner-container is-layout-flow wp-block-group-is-layout-flow\">\n<figure class=\"wp-block-gallery has-nested-images columns-3 is-cropped wp-block-gallery-1 is-layout-flex wp-block-gallery-is-layout-flex\">\n<figure class=\"wp-block-image size-thumbnail\"><a href=\"https:\/\/gollong-hausmeisterservice.de\/wp-content\/uploads\/2022\/01\/20210719_134403-1-scaled.jpg\"><img loading=\"lazy\" decoding=\"async\" width=\"150\" height=\"150\" data-id=\"499\" src=\"https:\/\/gollong-hausmeisterservice.de\/wp-content\/uploads\/2022\/01\/20210719_134403-1-150x150.jpg\" alt=\"\" class=\"wp-image-499\" srcset=\"https:\/\/gollong-hausmeisterservice.de\/wp-content\/uploads\/2022\/01\/20210719_134403-1-150x150.jpg 150w, https:\/\/gollong-hausmeisterservice.de\/wp-content\/uploads\/2022\/01\/20210719_134403-1-100x100.jpg 100w\" sizes=\"auto, (max-width: 150px) 100vw, 150px\" \/><\/a><figcaption class=\"wp-element-caption\">Fahrradb\u00fcgel <\/figcaption><\/figure>\n\n\n\n<figure class=\"wp-block-image size-thumbnail\"><a href=\"https:\/\/gollong-hausmeisterservice.de\/wp-content\/uploads\/2022\/01\/20211229_111721-1-scaled.jpg\"><img loading=\"lazy\" decoding=\"async\" width=\"150\" height=\"150\" data-id=\"500\" src=\"https:\/\/gollong-hausmeisterservice.de\/wp-content\/uploads\/2022\/01\/20211229_111721-1-150x150.jpg\" alt=\"\" class=\"wp-image-500\" srcset=\"https:\/\/gollong-hausmeisterservice.de\/wp-content\/uploads\/2022\/01\/20211229_111721-1-150x150.jpg 150w, https:\/\/gollong-hausmeisterservice.de\/wp-content\/uploads\/2022\/01\/20211229_111721-1-100x100.jpg 100w\" sizes=\"auto, (max-width: 150px) 100vw, 150px\" \/><\/a><figcaption class=\"wp-element-caption\">Pflanztrog aus L\u00e4rche <\/figcaption><\/figure>\n\n\n\n<figure class=\"wp-block-image size-thumbnail\"><a href=\"https:\/\/gollong-hausmeisterservice.de\/wp-content\/uploads\/2024\/01\/20231215_160748-scaled.jpg\"><img loading=\"lazy\" decoding=\"async\" width=\"150\" height=\"150\" data-id=\"826\" src=\"https:\/\/gollong-hausmeisterservice.de\/wp-content\/uploads\/2024\/01\/20231215_160748-150x150.jpg\" alt=\"\" class=\"wp-image-826\"\/><\/a><figcaption class=\"wp-element-caption\">Pergolen <\/figcaption><\/figure>\n<\/figure>\n<\/div><\/div>\n","protected":false},"excerpt":{"rendered":"<p>Selbstverst\u00e4ndlichen k\u00f6nnen wir Ihnen auch mit verschiedensten Austattungsgegenst\u00e4nden unserer regionalen Partner behilflich sein, ob ein M\u00fclltonnenhaus, eine Sitzbank oder ein Carport wir stehen Ihnen gerne mit Rat und Tat zur Seite Wir verbauen f\u00fcr Sie: Beispielbilder:<\/p>\n","protected":false},"author":1,"featured_media":0,"parent":0,"menu_order":0,"comment_status":"closed","ping_status":"closed","template":"","meta":{"footnotes":""},"class_list":["post-474","page","type-page","status-publish","hentry"],"_links":{"self":[{"href":"https:\/\/gollong-hausmeisterservice.de\/index.php?rest_route=\/wp\/v2\/pages\/474","targetHints":{"allow":["GET"]}}],"collection":[{"href":"https:\/\/gollong-hausmeisterservice.de\/index.php?rest_route=\/wp\/v2\/pages"}],"about":[{"href":"https:\/\/gollong-hausmeisterservice.de\/index.php?rest_route=\/wp\/v2\/types\/page"}],"author":[{"embeddable":true,"href":"https:\/\/gollong-hausmeisterservice.de\/index.php?rest_route=\/wp\/v2\/users\/1"}],"replies":[{"embeddable":true,"href":"https:\/\/gollong-hausmeisterservice.de\/index.php?rest_route=%2Fwp%2Fv2%2Fcomments&post=474"}],"version-history":[{"count":10,"href":"https:\/\/gollong-hausmeisterservice.de\/index.php?rest_route=\/wp\/v2\/pages\/474\/revisions"}],"predecessor-version":[{"id":837,"href":"https:\/\/gollong-hausmeisterservice.de\/index.php?rest_route=\/wp\/v2\/pages\/474\/revisions\/837"}],"wp:attachment":[{"href":"https:\/\/gollong-hausmeisterservice.de\/index.php?rest_route=%2Fwp%2Fv2%2Fmedia&parent=474"}],"curies":[{"name":"wp","href":"https:\/\/api.w.org\/{rel}","templated":true}]}}