{"id":464,"date":"2021-12-30T11:08:38","date_gmt":"2021-12-30T11:08:38","guid":{"rendered":"https:\/\/gollong-hausmeisterservice.de\/?page_id=464"},"modified":"2022-02-16T11:59:53","modified_gmt":"2022-02-16T11:59:53","slug":"ueber-uns-3","status":"publish","type":"page","link":"https:\/\/gollong-hausmeisterservice.de\/?page_id=464","title":{"rendered":"\u00dcber Uns"},"content":{"rendered":"\n<p>Wir sind ein seit 1997 t\u00e4tiges Familienunternehmen aus dem sch\u00f6nem W\u00fcrmtal (westlich von M\u00fcnchen). Seit unserer Gr\u00fcndung ist es unser Ziel jedem Kundenwunsch gerecht zu werden und haben es somit geschafft uns stetig zu verbessern und zu vergr\u00f6\u00dfern.<\/p>\n\n\n\n<p>Mit der Erweiterung unseres Gesch\u00e4ftsfeldes mit Bereich des Gartenbaus ist es uns im Jahre 2017 gelungen unseren Kunden aus unserer Sicht das perfekte Gesamtkonzept rund um das Haus zu bieten. (<strong>vom Bau bis zur Pflege<\/strong>) Dies gelang uns aber stets nur mit einem gut geschulten jungen dynamischen Team im Hintergrund.<\/p>\n\n\n\n<p><strong>\u00dcber unser Team: <\/strong><\/p>\n\n\n\n<p>Unser Hauptteam besteht aus unserem Gesch\u00e4ftsf\u00fchrer Thomas Gollong, seiner Frau Sabine Gollong,<\/p>\n\n\n\n<p>den S\u00f6hnen Benjamin Gollong \u00b4(Hauptbereich Hausmeisterservice),<\/p>\n\n\n\n<p>Leon Gollong (Hauptbereich Garten und Landschaftsbau) und <\/p>\n\n\n\n<p>Lukas Gollong (Hauptbereich technische \u00dcberwachung des Maschinenparks). <\/p>\n\n\n\n<p>Unser Hauptteam wird stetig erg\u00e4nzt durch 2 Mitarbeiter f\u00fcr den Bereich des Hausmeisterservice und 3 Mitarbeiterinnen f\u00fcr den Bereich der Innenreinigung.<\/p>\n\n\n\n<p><strong>Sie haben weitere Fragen dann stehen wir Ihnen gerne zu Verf\u00fcgung. <\/strong><\/p>\n","protected":false},"excerpt":{"rendered":"<p>Wir sind ein seit 1997 t\u00e4tiges Familienunternehmen aus dem sch\u00f6nem W\u00fcrmtal (westlich von M\u00fcnchen). Seit unserer Gr\u00fcndung ist es unser Ziel jedem Kundenwunsch gerecht zu werden und haben es somit geschafft uns stetig zu verbessern und zu vergr\u00f6\u00dfern. Mit der Erweiterung unseres Gesch\u00e4ftsfeldes mit Bereich des Gartenbaus ist es uns im Jahre 2017 gelungen unseren [&hellip;]<\/p>\n","protected":false},"author":1,"featured_media":0,"parent":0,"menu_order":0,"comment_status":"closed","ping_status":"closed","template":"","meta":{"footnotes":""},"class_list":["post-464","page","type-page","status-publish","hentry"],"_links":{"self":[{"href":"https:\/\/gollong-hausmeisterservice.de\/index.php?rest_route=\/wp\/v2\/pages\/464","targetHints":{"allow":["GET"]}}],"collection":[{"href":"https:\/\/gollong-hausmeisterservice.de\/index.php?rest_route=\/wp\/v2\/pages"}],"about":[{"href":"https:\/\/gollong-hausmeisterservice.de\/index.php?rest_route=\/wp\/v2\/types\/page"}],"author":[{"embeddable":true,"href":"https:\/\/gollong-hausmeisterservice.de\/index.php?rest_route=\/wp\/v2\/users\/1"}],"replies":[{"embeddable":true,"href":"https:\/\/gollong-hausmeisterservice.de\/index.php?rest_route=%2Fwp%2Fv2%2Fcomments&post=464"}],"version-history":[{"count":5,"href":"https:\/\/gollong-hausmeisterservice.de\/index.php?rest_route=\/wp\/v2\/pages\/464\/revisions"}],"predecessor-version":[{"id":731,"href":"https:\/\/gollong-hausmeisterservice.de\/index.php?rest_route=\/wp\/v2\/pages\/464\/revisions\/731"}],"wp:attachment":[{"href":"https:\/\/gollong-hausmeisterservice.de\/index.php?rest_route=%2Fwp%2Fv2%2Fmedia&parent=464"}],"curies":[{"name":"wp","href":"https:\/\/api.w.org\/{rel}","templated":true}]}}