{"id":38,"date":"2018-06-29T12:53:56","date_gmt":"2018-06-29T12:53:56","guid":{"rendered":"http:\/\/gollong-hausmeisterservice.de\/?page_id=38"},"modified":"2022-01-07T14:16:07","modified_gmt":"2022-01-07T14:16:07","slug":"entsorgung","status":"publish","type":"page","link":"https:\/\/gollong-hausmeisterservice.de\/?page_id=38","title":{"rendered":"Entsorgung"},"content":{"rendered":"<p>Eigentlich sollte alles immer in bester Ordnung sein.\u00a0Manchmal ist es aber soweit und es steht eine gro\u00dfe Entr\u00fcmpelung an. Gerade wenn es um Grundst\u00fccke, Firmengeb\u00e4ude oder im schlimmsten Fall Messies oder Mietnomaden geht, ist professionelle Hilfe gefragt. Wir sind in diesen F\u00e4llen gerne an Ihrer Seite und nehmen Ihnen diese unangenehme Arbeit ab.<\/p>\n<p><strong>Wir entsorgen fachgerecht Ihre<\/strong><\/p>\n<ul>\n<li>Gartenabf\u00e4lle<\/li>\n<li>Sperrm\u00fcllabfuhr vom Keller bis zum Speicher<\/li>\n<li>Entr\u00fcmpelungen und Haushaltsaufl\u00f6sungen<\/li>\n<li>Bauschutt<\/li>\n<li>Kartonagen und Papier<\/li>\n<\/ul>\n","protected":false},"excerpt":{"rendered":"<p>Eigentlich sollte alles immer in bester Ordnung sein.\u00a0Manchmal ist es aber soweit und es steht eine gro\u00dfe Entr\u00fcmpelung an. Gerade wenn es um Grundst\u00fccke, Firmengeb\u00e4ude oder im schlimmsten Fall Messies oder Mietnomaden geht, ist professionelle Hilfe gefragt. Wir sind in diesen F\u00e4llen gerne an Ihrer Seite und nehmen Ihnen diese unangenehme Arbeit ab. Wir entsorgen [&hellip;]<\/p>\n","protected":false},"author":1,"featured_media":0,"parent":0,"menu_order":0,"comment_status":"closed","ping_status":"closed","template":"","meta":{"footnotes":""},"class_list":["post-38","page","type-page","status-publish","hentry"],"_links":{"self":[{"href":"https:\/\/gollong-hausmeisterservice.de\/index.php?rest_route=\/wp\/v2\/pages\/38","targetHints":{"allow":["GET"]}}],"collection":[{"href":"https:\/\/gollong-hausmeisterservice.de\/index.php?rest_route=\/wp\/v2\/pages"}],"about":[{"href":"https:\/\/gollong-hausmeisterservice.de\/index.php?rest_route=\/wp\/v2\/types\/page"}],"author":[{"embeddable":true,"href":"https:\/\/gollong-hausmeisterservice.de\/index.php?rest_route=\/wp\/v2\/users\/1"}],"replies":[{"embeddable":true,"href":"https:\/\/gollong-hausmeisterservice.de\/index.php?rest_route=%2Fwp%2Fv2%2Fcomments&post=38"}],"version-history":[{"count":4,"href":"https:\/\/gollong-hausmeisterservice.de\/index.php?rest_route=\/wp\/v2\/pages\/38\/revisions"}],"predecessor-version":[{"id":646,"href":"https:\/\/gollong-hausmeisterservice.de\/index.php?rest_route=\/wp\/v2\/pages\/38\/revisions\/646"}],"wp:attachment":[{"href":"https:\/\/gollong-hausmeisterservice.de\/index.php?rest_route=%2Fwp%2Fv2%2Fmedia&parent=38"}],"curies":[{"name":"wp","href":"https:\/\/api.w.org\/{rel}","templated":true}]}}