{"id":35,"date":"2018-06-29T12:53:56","date_gmt":"2018-06-29T12:53:56","guid":{"rendered":"http:\/\/gollong-hausmeisterservice.de\/?page_id=35"},"modified":"2025-09-02T10:42:02","modified_gmt":"2025-09-02T10:42:02","slug":"winterdienst","status":"publish","type":"page","link":"https:\/\/gollong-hausmeisterservice.de\/?page_id=35","title":{"rendered":"Winterdienst"},"content":{"rendered":"\n<h2 class=\"wp-block-heading has-text-align-center\"><strong>Winterdienst \u2013 zuverl\u00e4ssig und rechtssicher<\/strong><\/h2>\n\n\n\n<p class=\"has-text-align-center\">Der Gesetzgeber schreibt klar vor, wie Immobilienbesitzer den Winterdienst zu leisten haben.<br><strong>Freie Wege und ein sicherer Zugang zum und am Objekt m\u00fcssen auch bei Schnee und Eis jederzeit gew\u00e4hrleistet sein.<\/strong><br>Gerade bei Geb\u00e4uden mit \u00f6ffentlichen Wegen ist dabei h\u00f6chste Zuverl\u00e4ssigkeit gefordert.<\/p>\n\n\n\n<div style=\"height:54px\" aria-hidden=\"true\" class=\"wp-block-spacer\"><\/div>\n\n\n\n<p class=\"has-text-align-center\">Besonders in den Wintermonaten gilt: Schon in den fr\u00fchen Morgenstunden \u2013 vor dem Berufsverkehr \u2013 m\u00fcssen alle Zuwegungen rund um Ihr Objekt ger\u00e4umt und gestreut sein.<br>Damit Sie sich um nichts k\u00fcmmern m\u00fcssen, stehen wir den ganzen Winter \u00fcber zuverl\u00e4ssig f\u00fcr Sie im Bereitschaftsdienst.<\/p>\n\n\n\n<div style=\"height:54px\" aria-hidden=\"true\" class=\"wp-block-spacer\"><\/div>\n\n\n\n<h3 class=\"wp-block-heading\"><strong>Unsere Leistungen im Winterdienst<\/strong><\/h3>\n\n\n\n<ul class=\"wp-block-list\">\n<li><strong>R\u00e4umen und Streuen von Verkehrsfl\u00e4chen<\/strong> mit modernster Technik in Planegg und Umgebung<\/li>\n\n\n\n<li><strong>Mehrmaliges R\u00e4umen und Streuen pro Tag<\/strong>, je nach Witterung<\/li>\n\n\n\n<li><strong>Streugutlieferung und -lagerung<\/strong> \u2013 stressfrei und unkompliziert<\/li>\n\n\n\n<li><strong>Haftungs\u00fcbernahme durch unsere Versicherung<\/strong><\/li>\n\n\n\n<li><strong>Verkehrssicherungspflicht<\/strong> nach den jeweils g\u00fcltigen Satzungen der St\u00e4dte und Gemeinden<\/li>\n<\/ul>\n\n\n\n<figure class=\"wp-block-image size-large is-resized\"><img loading=\"lazy\" decoding=\"async\" width=\"1024\" height=\"683\" src=\"https:\/\/gollong-hausmeisterservice.de\/wp-content\/uploads\/2025\/09\/ChatGPT-Image-2.-Sept.-2025-12_38_40-1024x683.png\" alt=\"\" class=\"wp-image-996\" style=\"width:382px;height:auto\" srcset=\"https:\/\/gollong-hausmeisterservice.de\/wp-content\/uploads\/2025\/09\/ChatGPT-Image-2.-Sept.-2025-12_38_40-1024x683.png 1024w, https:\/\/gollong-hausmeisterservice.de\/wp-content\/uploads\/2025\/09\/ChatGPT-Image-2.-Sept.-2025-12_38_40-300x200.png 300w, https:\/\/gollong-hausmeisterservice.de\/wp-content\/uploads\/2025\/09\/ChatGPT-Image-2.-Sept.-2025-12_38_40-768x512.png 768w, https:\/\/gollong-hausmeisterservice.de\/wp-content\/uploads\/2025\/09\/ChatGPT-Image-2.-Sept.-2025-12_38_40.png 1536w\" sizes=\"auto, (max-width: 1024px) 100vw, 1024px\" \/><\/figure>\n","protected":false},"excerpt":{"rendered":"<p>Winterdienst \u2013 zuverl\u00e4ssig und rechtssicher Der Gesetzgeber schreibt klar vor, wie Immobilienbesitzer den Winterdienst zu leisten haben.Freie Wege und ein sicherer Zugang zum und am Objekt m\u00fcssen auch bei Schnee und Eis jederzeit gew\u00e4hrleistet sein.Gerade bei Geb\u00e4uden mit \u00f6ffentlichen Wegen ist dabei h\u00f6chste Zuverl\u00e4ssigkeit gefordert. Besonders in den Wintermonaten gilt: Schon in den fr\u00fchen Morgenstunden [&hellip;]<\/p>\n","protected":false},"author":1,"featured_media":0,"parent":0,"menu_order":0,"comment_status":"closed","ping_status":"closed","template":"","meta":{"footnotes":""},"class_list":["post-35","page","type-page","status-publish","hentry"],"_links":{"self":[{"href":"https:\/\/gollong-hausmeisterservice.de\/index.php?rest_route=\/wp\/v2\/pages\/35","targetHints":{"allow":["GET"]}}],"collection":[{"href":"https:\/\/gollong-hausmeisterservice.de\/index.php?rest_route=\/wp\/v2\/pages"}],"about":[{"href":"https:\/\/gollong-hausmeisterservice.de\/index.php?rest_route=\/wp\/v2\/types\/page"}],"author":[{"embeddable":true,"href":"https:\/\/gollong-hausmeisterservice.de\/index.php?rest_route=\/wp\/v2\/users\/1"}],"replies":[{"embeddable":true,"href":"https:\/\/gollong-hausmeisterservice.de\/index.php?rest_route=%2Fwp%2Fv2%2Fcomments&post=35"}],"version-history":[{"count":18,"href":"https:\/\/gollong-hausmeisterservice.de\/index.php?rest_route=\/wp\/v2\/pages\/35\/revisions"}],"predecessor-version":[{"id":1002,"href":"https:\/\/gollong-hausmeisterservice.de\/index.php?rest_route=\/wp\/v2\/pages\/35\/revisions\/1002"}],"wp:attachment":[{"href":"https:\/\/gollong-hausmeisterservice.de\/index.php?rest_route=%2Fwp%2Fv2%2Fmedia&parent=35"}],"curies":[{"name":"wp","href":"https:\/\/api.w.org\/{rel}","templated":true}]}}