{"id":293,"date":"2018-12-18T19:39:12","date_gmt":"2018-12-18T19:39:12","guid":{"rendered":"http:\/\/gollong-hausmeisterservice.de\/?page_id=293"},"modified":"2018-12-18T19:48:10","modified_gmt":"2018-12-18T19:48:10","slug":"tiefgaragenreinigung","status":"publish","type":"page","link":"https:\/\/gollong-hausmeisterservice.de\/?page_id=293","title":{"rendered":"Tiefgaragenreinigung"},"content":{"rendered":"\n<p>Die&nbsp;professionelle Reinigung von Tiefgaragen verhindert Ungeziefer, sch\u00fctzt vor Unf\u00e4llen und vermittelt zugleich ein Gef\u00fchl von Sicherheit und Ordnung im ganzen Objekt.&nbsp;<\/p>\n\n\n\n<p>\u00d6l, Reifenabrieb, Streusalz, Tauwasser: Tiefgaragen sind verschiedensten Verschmutzungen ausgesetzt. Mit einer gr\u00fcndlichen Tiefgaragenreinigung sorgen wir f\u00fcr ein gepflegtes und sauberes Erscheinungsbild \u2013 ein Erscheinungsbild, das auch Kunden und G\u00e4ste \u00fcberzeugt.<\/p>\n","protected":false},"excerpt":{"rendered":"<p>Die&nbsp;professionelle Reinigung von Tiefgaragen verhindert Ungeziefer, sch\u00fctzt vor Unf\u00e4llen und vermittelt zugleich ein Gef\u00fchl von Sicherheit und Ordnung im ganzen Objekt.&nbsp; \u00d6l, Reifenabrieb, Streusalz, Tauwasser: Tiefgaragen sind verschiedensten Verschmutzungen ausgesetzt. Mit einer gr\u00fcndlichen Tiefgaragenreinigung sorgen wir f\u00fcr ein gepflegtes und sauberes Erscheinungsbild \u2013 ein Erscheinungsbild, das auch Kunden und G\u00e4ste \u00fcberzeugt.<\/p>\n","protected":false},"author":1,"featured_media":0,"parent":0,"menu_order":0,"comment_status":"closed","ping_status":"closed","template":"","meta":{"footnotes":""},"class_list":["post-293","page","type-page","status-publish","hentry"],"_links":{"self":[{"href":"https:\/\/gollong-hausmeisterservice.de\/index.php?rest_route=\/wp\/v2\/pages\/293","targetHints":{"allow":["GET"]}}],"collection":[{"href":"https:\/\/gollong-hausmeisterservice.de\/index.php?rest_route=\/wp\/v2\/pages"}],"about":[{"href":"https:\/\/gollong-hausmeisterservice.de\/index.php?rest_route=\/wp\/v2\/types\/page"}],"author":[{"embeddable":true,"href":"https:\/\/gollong-hausmeisterservice.de\/index.php?rest_route=\/wp\/v2\/users\/1"}],"replies":[{"embeddable":true,"href":"https:\/\/gollong-hausmeisterservice.de\/index.php?rest_route=%2Fwp%2Fv2%2Fcomments&post=293"}],"version-history":[{"count":3,"href":"https:\/\/gollong-hausmeisterservice.de\/index.php?rest_route=\/wp\/v2\/pages\/293\/revisions"}],"predecessor-version":[{"id":300,"href":"https:\/\/gollong-hausmeisterservice.de\/index.php?rest_route=\/wp\/v2\/pages\/293\/revisions\/300"}],"wp:attachment":[{"href":"https:\/\/gollong-hausmeisterservice.de\/index.php?rest_route=%2Fwp%2Fv2%2Fmedia&parent=293"}],"curies":[{"name":"wp","href":"https:\/\/api.w.org\/{rel}","templated":true}]}}