{"id":21,"date":"2018-06-29T12:38:14","date_gmt":"2018-06-29T12:38:14","guid":{"rendered":"http:\/\/gollong-hausmeisterservice.de\/?page_id=21"},"modified":"2024-12-27T12:02:56","modified_gmt":"2024-12-27T12:02:56","slug":"starseite","status":"publish","type":"page","link":"https:\/\/gollong-hausmeisterservice.de\/","title":{"rendered":"Startseite"},"content":{"rendered":"<div class=\"wp-block-image\">\n<figure class=\"aligncenter size-large is-resized\"><img loading=\"lazy\" decoding=\"async\" width=\"1024\" height=\"764\" src=\"https:\/\/gollong-hausmeisterservice.de\/wp-content\/uploads\/2024\/12\/GOLLON2-1024x764.jpg\" alt=\"\" class=\"wp-image-942\" style=\"aspect-ratio:1;object-fit:cover;width:442px;height:auto\" srcset=\"https:\/\/gollong-hausmeisterservice.de\/wp-content\/uploads\/2024\/12\/GOLLON2-1024x764.jpg 1024w, https:\/\/gollong-hausmeisterservice.de\/wp-content\/uploads\/2024\/12\/GOLLON2-300x224.jpg 300w, https:\/\/gollong-hausmeisterservice.de\/wp-content\/uploads\/2024\/12\/GOLLON2-768x573.jpg 768w, https:\/\/gollong-hausmeisterservice.de\/wp-content\/uploads\/2024\/12\/GOLLON2-1536x1146.jpg 1536w, https:\/\/gollong-hausmeisterservice.de\/wp-content\/uploads\/2024\/12\/GOLLON2-2048x1528.jpg 2048w\" sizes=\"auto, (max-width: 1024px) 100vw, 1024px\" \/><\/figure><\/div>\n\n<h2>\u00a0<\/h2>\n<p style=\"text-align: center;\"><strong>Herzlich Willkommen auf der Website des Hausmeisterservice und Gartenbau Gollong!<\/strong><\/p>\n<p style=\"text-align: center;\">Unser Familienbetrieb ist seit 1997 im W\u00fcrmtal als zuverl\u00e4ssiger Hausmeisterservice und Gartenbau t\u00e4tig.<br \/>Wir bieten Ihnen eine qualifizierte Objektbetreuung \u00fcber Innen- und Au\u00dfenpflege bis hin zu Haustechnischen Aufgaben.<br \/>Als Service-Partner unserer Kunden sind wir f\u00fcr Sie 24-Stunden erreichbar.<\/p>\n<p style=\"text-align: left;\">\u00a0<\/p>","protected":false},"excerpt":{"rendered":"<p>\u00a0 Herzlich Willkommen auf der Website des Hausmeisterservice und Gartenbau Gollong! Unser Familienbetrieb ist seit 1997 im W\u00fcrmtal als zuverl\u00e4ssiger Hausmeisterservice und Gartenbau t\u00e4tig.Wir bieten Ihnen eine qualifizierte Objektbetreuung \u00fcber Innen- und Au\u00dfenpflege bis hin zu Haustechnischen Aufgaben.Als Service-Partner unserer Kunden sind wir f\u00fcr Sie 24-Stunden erreichbar. \u00a0<\/p>\n","protected":false},"author":1,"featured_media":0,"parent":0,"menu_order":0,"comment_status":"closed","ping_status":"closed","template":"","meta":{"footnotes":""},"class_list":["post-21","page","type-page","status-publish","hentry"],"_links":{"self":[{"href":"https:\/\/gollong-hausmeisterservice.de\/index.php?rest_route=\/wp\/v2\/pages\/21","targetHints":{"allow":["GET"]}}],"collection":[{"href":"https:\/\/gollong-hausmeisterservice.de\/index.php?rest_route=\/wp\/v2\/pages"}],"about":[{"href":"https:\/\/gollong-hausmeisterservice.de\/index.php?rest_route=\/wp\/v2\/types\/page"}],"author":[{"embeddable":true,"href":"https:\/\/gollong-hausmeisterservice.de\/index.php?rest_route=\/wp\/v2\/users\/1"}],"replies":[{"embeddable":true,"href":"https:\/\/gollong-hausmeisterservice.de\/index.php?rest_route=%2Fwp%2Fv2%2Fcomments&post=21"}],"version-history":[{"count":25,"href":"https:\/\/gollong-hausmeisterservice.de\/index.php?rest_route=\/wp\/v2\/pages\/21\/revisions"}],"predecessor-version":[{"id":964,"href":"https:\/\/gollong-hausmeisterservice.de\/index.php?rest_route=\/wp\/v2\/pages\/21\/revisions\/964"}],"wp:attachment":[{"href":"https:\/\/gollong-hausmeisterservice.de\/index.php?rest_route=%2Fwp%2Fv2%2Fmedia&parent=21"}],"curies":[{"name":"wp","href":"https:\/\/api.w.org\/{rel}","templated":true}]}}