{"id":174,"date":"2018-12-17T22:08:25","date_gmt":"2018-12-17T22:08:25","guid":{"rendered":"http:\/\/gollong-hausmeisterservice.de\/?page_id=174"},"modified":"2022-01-08T12:04:26","modified_gmt":"2022-01-08T12:04:26","slug":"sichtschutz-im-garten","status":"publish","type":"page","link":"https:\/\/gollong-hausmeisterservice.de\/?page_id=174","title":{"rendered":"Sichtschutz im Garten"},"content":{"rendered":"\n<p>Mit dem richtigen Sichtschutz an der richtigen Stelle, schaffen wir f\u00fcr Sie die gew\u00fcnschte Privatsph\u00e4re oder den gew\u00fcnschten L\u00e4rmschutz. Gerne begr\u00fcnen wir Ihre W\u00e4nde auch noch mit Pflanze so dass sie sich perfekt in den Garten einf\u00fcgen. <\/p>\n\n\n\n<p>F\u00fcr jeden Wunsch werden wir hier die richtige L\u00f6sung finden.&nbsp;<\/p>\n\n\n\n<p><\/p>\n\n\n\n<p><strong>Wir verarbeiten :&nbsp;<\/strong><\/p>\n\n\n\n<ul class=\"wp-block-list\"><li>WPC Sichtschutzw\u00e4nde\u00a0<\/li><li>Holzw\u00e4nde\u00a0<\/li><li>Gabionen\u00a0<\/li><li>Hecken\u00a0<\/li><li>Efeuw\u00e4nde<\/li><\/ul>\n\n\n\n<p><strong>Beispielbilder<\/strong><\/p>\n\n\n\n<figure class=\"wp-block-gallery columns-2 wp-block-gallery-1 is-layout-flex wp-block-gallery-is-layout-flex\"><ul class=\"blocks-gallery-grid\"><li class=\"blocks-gallery-item\"><figure><a href=\"http:\/\/gollong-hausmeisterservice.de\/wp-content\/uploads\/2020\/11\/IMG_20190823_110556-3-scaled.jpg\"><img loading=\"lazy\" decoding=\"async\" width=\"150\" height=\"150\" src=\"http:\/\/gollong-hausmeisterservice.de\/wp-content\/uploads\/2020\/11\/IMG_20190823_110556-3-150x150.jpg\" alt=\"\" data-id=\"390\" data-full-url=\"http:\/\/gollong-hausmeisterservice.de\/wp-content\/uploads\/2020\/11\/IMG_20190823_110556-3-scaled.jpg\" data-link=\"http:\/\/gollong-hausmeisterservice.de\/?attachment_id=390\" class=\"wp-image-390\" srcset=\"https:\/\/gollong-hausmeisterservice.de\/wp-content\/uploads\/2020\/11\/IMG_20190823_110556-3-150x150.jpg 150w, https:\/\/gollong-hausmeisterservice.de\/wp-content\/uploads\/2020\/11\/IMG_20190823_110556-3-100x100.jpg 100w\" sizes=\"auto, (max-width: 150px) 100vw, 150px\" \/><\/a><figcaption class=\"blocks-gallery-item__caption\">Thuja Hecke <\/figcaption><\/figure><\/li><li class=\"blocks-gallery-item\"><figure><a href=\"http:\/\/gollong-hausmeisterservice.de\/wp-content\/uploads\/2018\/07\/IMG-20170413-WA0013-e1545153617715.jpg\"><img loading=\"lazy\" decoding=\"async\" width=\"150\" height=\"150\" src=\"http:\/\/gollong-hausmeisterservice.de\/wp-content\/uploads\/2018\/07\/IMG-20170413-WA0013-150x150.jpg\" alt=\"\" data-id=\"108\" data-full-url=\"http:\/\/gollong-hausmeisterservice.de\/wp-content\/uploads\/2018\/07\/IMG-20170413-WA0013-e1545153617715.jpg\" data-link=\"http:\/\/gollong-hausmeisterservice.de\/?attachment_id=108\" class=\"wp-image-108\"\/><\/a><figcaption class=\"blocks-gallery-item__caption\">WPC-Wand mit Beet <\/figcaption><\/figure><\/li><\/ul><\/figure>\n\n\n\n<p><\/p>\n","protected":false},"excerpt":{"rendered":"<p>Mit dem richtigen Sichtschutz an der richtigen Stelle, schaffen wir f\u00fcr Sie die gew\u00fcnschte Privatsph\u00e4re oder den gew\u00fcnschten L\u00e4rmschutz. Gerne begr\u00fcnen wir Ihre W\u00e4nde auch noch mit Pflanze so dass sie sich perfekt in den Garten einf\u00fcgen. F\u00fcr jeden Wunsch werden wir hier die richtige L\u00f6sung finden.&nbsp; Wir verarbeiten :&nbsp; WPC Sichtschutzw\u00e4nde\u00a0 Holzw\u00e4nde\u00a0 Gabionen\u00a0 Hecken\u00a0 [&hellip;]<\/p>\n","protected":false},"author":1,"featured_media":0,"parent":0,"menu_order":0,"comment_status":"closed","ping_status":"closed","template":"","meta":{"footnotes":""},"class_list":["post-174","page","type-page","status-publish","hentry"],"_links":{"self":[{"href":"https:\/\/gollong-hausmeisterservice.de\/index.php?rest_route=\/wp\/v2\/pages\/174","targetHints":{"allow":["GET"]}}],"collection":[{"href":"https:\/\/gollong-hausmeisterservice.de\/index.php?rest_route=\/wp\/v2\/pages"}],"about":[{"href":"https:\/\/gollong-hausmeisterservice.de\/index.php?rest_route=\/wp\/v2\/types\/page"}],"author":[{"embeddable":true,"href":"https:\/\/gollong-hausmeisterservice.de\/index.php?rest_route=\/wp\/v2\/users\/1"}],"replies":[{"embeddable":true,"href":"https:\/\/gollong-hausmeisterservice.de\/index.php?rest_route=%2Fwp%2Fv2%2Fcomments&post=174"}],"version-history":[{"count":11,"href":"https:\/\/gollong-hausmeisterservice.de\/index.php?rest_route=\/wp\/v2\/pages\/174\/revisions"}],"predecessor-version":[{"id":673,"href":"https:\/\/gollong-hausmeisterservice.de\/index.php?rest_route=\/wp\/v2\/pages\/174\/revisions\/673"}],"wp:attachment":[{"href":"https:\/\/gollong-hausmeisterservice.de\/index.php?rest_route=%2Fwp%2Fv2%2Fmedia&parent=174"}],"curies":[{"name":"wp","href":"https:\/\/api.w.org\/{rel}","templated":true}]}}