{"id":170,"date":"2018-12-17T22:08:25","date_gmt":"2018-12-17T22:08:25","guid":{"rendered":"http:\/\/gollong-hausmeisterservice.de\/?page_id=170"},"modified":"2022-12-24T10:40:27","modified_gmt":"2022-12-24T10:40:27","slug":"rasenbau","status":"publish","type":"page","link":"https:\/\/gollong-hausmeisterservice.de\/?page_id=170","title":{"rendered":"Rasenbau"},"content":{"rendered":"\n<p>Der Rasen ist einer der wichtigste und vielseitigste &nbsp;Fl\u00e4che im Garten. Ob Rollrasen (sofortiges Gr\u00fcn) oder einer Einsaat, mit beiden Herstellungsverfahren ist eine belastbare und dichte Fl\u00e4che erreichbar. F\u00fcr die vollendete Pflege empfehlen wir noch eine Bew\u00e4sserung und einen M\u00e4hroboter so das Sie die Fl\u00e4che ohne gro\u00dfen Zeitaufwand genie\u00dfen k\u00f6nnen. <\/p>\n\n\n\n<p><br><\/p>\n\n\n\n<p><\/p>\n\n\n\n<p><strong>Wir verarbeiten :<\/strong><\/p>\n\n\n\n<ul class=\"wp-block-list\"><li>Rollrasen&nbsp;<\/li><li>Einsaat<\/li><li>Bew\u00e4sserungssysteme <\/li><li>M\u00e4hroboter<\/li><\/ul>\n\n\n\n<p><strong>Beispielbilder<\/strong><\/p>\n\n\n\n<figure class=\"wp-block-gallery has-nested-images columns-3 wp-block-gallery-1 is-layout-flex wp-block-gallery-is-layout-flex\">\n<figure class=\"wp-block-image size-thumbnail\"><a href=\"https:\/\/gollong-hausmeisterservice.de\/wp-content\/uploads\/2022\/01\/20211007_170253-3-scaled.jpg\"><img loading=\"lazy\" decoding=\"async\" width=\"150\" height=\"150\" data-id=\"636\" src=\"https:\/\/gollong-hausmeisterservice.de\/wp-content\/uploads\/2022\/01\/20211007_170253-3-150x150.jpg\" alt=\"\" class=\"wp-image-636\"\/><\/a><\/figure>\n\n\n\n<figure class=\"wp-block-image size-thumbnail\"><a href=\"https:\/\/gollong-hausmeisterservice.de\/wp-content\/uploads\/2022\/12\/Rollrasen-2-scaled.jpg\"><img loading=\"lazy\" decoding=\"async\" width=\"150\" height=\"150\" data-id=\"749\" src=\"https:\/\/gollong-hausmeisterservice.de\/wp-content\/uploads\/2022\/12\/Rollrasen-2-150x150.jpg\" alt=\"\" class=\"wp-image-749\"\/><\/a><\/figure>\n\n\n\n<figure class=\"wp-block-image size-thumbnail\"><a href=\"https:\/\/gollong-hausmeisterservice.de\/wp-content\/uploads\/2022\/12\/Rollrasen-scaled.jpg\"><img loading=\"lazy\" decoding=\"async\" width=\"150\" height=\"150\" data-id=\"751\" src=\"https:\/\/gollong-hausmeisterservice.de\/wp-content\/uploads\/2022\/12\/Rollrasen-150x150.jpg\" alt=\"\" class=\"wp-image-751\"\/><\/a><\/figure>\n<\/figure>\n\n\n\n<p><\/p>\n","protected":false},"excerpt":{"rendered":"<p>Der Rasen ist einer der wichtigste und vielseitigste &nbsp;Fl\u00e4che im Garten. Ob Rollrasen (sofortiges Gr\u00fcn) oder einer Einsaat, mit beiden Herstellungsverfahren ist eine belastbare und dichte Fl\u00e4che erreichbar. F\u00fcr die vollendete Pflege empfehlen wir noch eine Bew\u00e4sserung und einen M\u00e4hroboter so das Sie die Fl\u00e4che ohne gro\u00dfen Zeitaufwand genie\u00dfen k\u00f6nnen. Wir verarbeiten : Rollrasen&nbsp; Einsaat [&hellip;]<\/p>\n","protected":false},"author":1,"featured_media":0,"parent":0,"menu_order":0,"comment_status":"closed","ping_status":"closed","template":"","meta":{"footnotes":""},"class_list":["post-170","page","type-page","status-publish","hentry"],"_links":{"self":[{"href":"https:\/\/gollong-hausmeisterservice.de\/index.php?rest_route=\/wp\/v2\/pages\/170","targetHints":{"allow":["GET"]}}],"collection":[{"href":"https:\/\/gollong-hausmeisterservice.de\/index.php?rest_route=\/wp\/v2\/pages"}],"about":[{"href":"https:\/\/gollong-hausmeisterservice.de\/index.php?rest_route=\/wp\/v2\/types\/page"}],"author":[{"embeddable":true,"href":"https:\/\/gollong-hausmeisterservice.de\/index.php?rest_route=\/wp\/v2\/users\/1"}],"replies":[{"embeddable":true,"href":"https:\/\/gollong-hausmeisterservice.de\/index.php?rest_route=%2Fwp%2Fv2%2Fcomments&post=170"}],"version-history":[{"count":14,"href":"https:\/\/gollong-hausmeisterservice.de\/index.php?rest_route=\/wp\/v2\/pages\/170\/revisions"}],"predecessor-version":[{"id":752,"href":"https:\/\/gollong-hausmeisterservice.de\/index.php?rest_route=\/wp\/v2\/pages\/170\/revisions\/752"}],"wp:attachment":[{"href":"https:\/\/gollong-hausmeisterservice.de\/index.php?rest_route=%2Fwp%2Fv2%2Fmedia&parent=170"}],"curies":[{"name":"wp","href":"https:\/\/api.w.org\/{rel}","templated":true}]}}