{"id":169,"date":"2018-12-17T22:08:25","date_gmt":"2018-12-17T22:08:25","guid":{"rendered":"http:\/\/gollong-hausmeisterservice.de\/?page_id=169"},"modified":"2024-10-20T19:04:34","modified_gmt":"2024-10-20T19:04:34","slug":"zaunbau","status":"publish","type":"page","link":"https:\/\/gollong-hausmeisterservice.de\/?page_id=169","title":{"rendered":"Zaunbau"},"content":{"rendered":"\n<p> Der Zaun ist das erste Aush\u00e4ngeschild des Gartens und somit die erste Pr\u00e4sentations- und Gestaltungsm\u00f6glichkeit f\u00fcr Ihr Zuhause. Genau deswegen versuchen wir mit den verschiedensten Zaunarten und Typen Ihrem Garten dem ersten Akzent zu geben.<\/p>\n\n\n\n<p><strong>Wir verarbeiten f\u00fcr Sie:&nbsp;<\/strong><\/p>\n\n\n\n<ul class=\"wp-block-list\">\n<li>Holz\u00e4une\u00a0<\/li>\n<\/ul>\n\n\n\n<ul class=\"wp-block-list\">\n<li>Stabmattenz\u00e4une<\/li>\n<\/ul>\n\n\n\n<ul class=\"wp-block-list\">\n<li>Aluz\u00e4une\u00a0<\/li>\n<\/ul>\n\n\n\n<ul class=\"wp-block-list\">\n<li>WPC Z\u00e4une\u00a0<\/li>\n<\/ul>\n\n\n\n<p><\/p>\n\n\n\n<p><strong>Beispiel Bilder:<\/strong><\/p>\n\n\n\n<div class=\"alignnormal\"><div id=\"metaslider-id-880\" style=\"max-width: 700px;\" class=\"ml-slider-3-103-0 metaslider metaslider-responsive metaslider-880 ml-slider hide-arrows-smartphone hide-arrows-laptop hide-arrows-desktop ms-theme-default\" role=\"region\" aria-label=\"Zaunbau\" data-height=\"400\" data-width=\"700\">\n    <div id=\"metaslider_container_880\">\n        <ul id='metaslider_880' class='rslides'>\n            <li aria-roledescription='slide' aria-labelledby='slide-0'><img loading=\"lazy\" decoding=\"async\" src=\"https:\/\/gollong-hausmeisterservice.de\/wp-content\/uploads\/2024\/01\/20231026_113415-scaled-700x400.jpg\" height=\"400\" width=\"700\" alt=\"\" class=\"slider-880 slide-881 msDefaultImage\" title=\"20231026_113415\" \/><div class=\"caption-wrap\"><div class=\"caption\"><div>Doppelstabmattenzaun mit Industrietor\u00a0<\/div><\/div><\/div><\/li>\n            <li style='display: none;' aria-roledescription='slide' aria-labelledby='slide-1'><img loading=\"lazy\" decoding=\"async\" src=\"https:\/\/gollong-hausmeisterservice.de\/wp-content\/uploads\/2022\/12\/20220405_144453-scaled-700x400.jpg\" height=\"400\" width=\"700\" alt=\"\" class=\"slider-880 slide-882 msDefaultImage\" title=\"20220405_144453\" \/><div class=\"caption-wrap\"><div class=\"caption\"><div>L\u00e4rchenlattenzaun\u00a0<\/div><\/div><\/div><\/li>\n            <li style='display: none;' aria-roledescription='slide' aria-labelledby='slide-2'><img loading=\"lazy\" decoding=\"async\" src=\"https:\/\/gollong-hausmeisterservice.de\/wp-content\/uploads\/2024\/01\/20230606_121850-scaled-700x400.jpg\" height=\"400\" width=\"700\" alt=\"\" class=\"slider-880 slide-883 msDefaultImage\" title=\"20230606_121850\" \/><div class=\"caption-wrap\"><div class=\"caption\"><div>Doppelstabmattenzaun\u00a0<\/div><\/div><\/div><\/li>\n            <li style='display: none;' aria-roledescription='slide' aria-labelledby='slide-3'><img loading=\"lazy\" decoding=\"async\" src=\"https:\/\/gollong-hausmeisterservice.de\/wp-content\/uploads\/2020\/11\/20200221_120703-scaled-700x400.jpg\" height=\"400\" width=\"700\" alt=\"\" class=\"slider-880 slide-884 msDefaultImage\" title=\"20200221_120703\" \/><div class=\"caption-wrap\"><div class=\"caption\"><div>L\u00e4rchenzaun<\/div><\/div><\/div><\/li>\n            <li style='display: none;' aria-roledescription='slide' aria-labelledby='slide-4'><img loading=\"lazy\" decoding=\"async\" src=\"https:\/\/gollong-hausmeisterservice.de\/wp-content\/uploads\/2022\/01\/20210421_132342-scaled-700x400.jpg\" height=\"400\" width=\"700\" alt=\"\" class=\"slider-880 slide-885 msDefaultImage\" title=\"20210421_132342\" \/><\/li>\n            <li style='display: none;' aria-roledescription='slide' aria-labelledby='slide-5'><img loading=\"lazy\" decoding=\"async\" src=\"https:\/\/gollong-hausmeisterservice.de\/wp-content\/uploads\/2018\/12\/Zaun-Lochmaier-700x400.jpg\" height=\"400\" width=\"700\" alt=\"\" class=\"slider-880 slide-886 msDefaultImage\" title=\"Zaun befestigt auf L-Steinen\" \/><div class=\"caption-wrap\"><div class=\"caption\"><div>Montage auf L-Steinen mit D\u00fcbelplatten<\/div><\/div><\/div><\/li>\n            <li style='display: none;' aria-roledescription='slide' aria-labelledby='slide-6'><img loading=\"lazy\" decoding=\"async\" src=\"https:\/\/gollong-hausmeisterservice.de\/wp-content\/uploads\/2020\/11\/20190731_150649-scaled-700x400.jpg\" height=\"400\" width=\"700\" alt=\"\" class=\"slider-880 slide-887 msDefaultImage\" title=\"20190731_150649\" \/><div class=\"caption-wrap\"><div class=\"caption\"><div>L\u00e4rchenstakettenzaun\u00a0<\/div><\/div><\/div><\/li>\n            <li style='display: none;' aria-roledescription='slide' aria-labelledby='slide-7'><img loading=\"lazy\" decoding=\"async\" src=\"https:\/\/gollong-hausmeisterservice.de\/wp-content\/uploads\/2020\/11\/20200221_120651-1-scaled-700x400.jpg\" height=\"400\" width=\"700\" alt=\"\" class=\"slider-880 slide-888 msDefaultImage\" title=\"20200221_120651\" \/><\/li>\n            <li style='display: none;' aria-roledescription='slide' aria-labelledby='slide-8'><img loading=\"lazy\" decoding=\"async\" src=\"https:\/\/gollong-hausmeisterservice.de\/wp-content\/uploads\/2024\/10\/20240314_120639-scaled-700x400.jpg\" height=\"400\" width=\"700\" alt=\"\" class=\"slider-880 slide-893 msDefaultImage\" title=\"20240314_120639\" \/><\/li>\n            <li style='display: none;' aria-roledescription='slide' aria-labelledby='slide-9'><img loading=\"lazy\" decoding=\"async\" src=\"https:\/\/gollong-hausmeisterservice.de\/wp-content\/uploads\/2024\/10\/20240314_120657-scaled-700x400.jpg\" height=\"400\" width=\"700\" alt=\"\" class=\"slider-880 slide-896 msDefaultImage\" title=\"20240314_120657\" \/><\/li>\n            <li style='display: none;' aria-roledescription='slide' aria-labelledby='slide-10'><img loading=\"lazy\" decoding=\"async\" src=\"https:\/\/gollong-hausmeisterservice.de\/wp-content\/uploads\/2024\/10\/20240319_135548-scaled-700x400.jpg\" height=\"400\" width=\"700\" alt=\"\" class=\"slider-880 slide-898 msDefaultImage\" title=\"20240319_135548\" \/><\/li>\n            <li style='display: none;' aria-roledescription='slide' aria-labelledby='slide-11'><img loading=\"lazy\" decoding=\"async\" src=\"https:\/\/gollong-hausmeisterservice.de\/wp-content\/uploads\/2024\/10\/20240415_160913-scaled-700x400.jpg\" height=\"400\" width=\"700\" alt=\"\" class=\"slider-880 slide-900 msDefaultImage\" title=\"20240415_160913\" \/><\/li>\n            <li style='display: none;' aria-roledescription='slide' aria-labelledby='slide-12'><img loading=\"lazy\" decoding=\"async\" src=\"https:\/\/gollong-hausmeisterservice.de\/wp-content\/uploads\/2024\/10\/20240415_183322-scaled-700x400.jpg\" height=\"400\" width=\"700\" alt=\"\" class=\"slider-880 slide-902 msDefaultImage\" title=\"20240415_183322\" \/><\/li>\n            <li style='display: none;' aria-roledescription='slide' aria-labelledby='slide-13'><img loading=\"lazy\" decoding=\"async\" src=\"https:\/\/gollong-hausmeisterservice.de\/wp-content\/uploads\/2024\/10\/20240430_152046-scaled-700x400.jpg\" height=\"400\" width=\"700\" alt=\"\" class=\"slider-880 slide-904 msDefaultImage\" title=\"20240430_152046\" \/><\/li>\n        <\/ul>\n        \n    <\/div>\n<\/div><\/div>\n\n\n\n<p><\/p>\n","protected":false},"excerpt":{"rendered":"<p>Der Zaun ist das erste Aush\u00e4ngeschild des Gartens und somit die erste Pr\u00e4sentations- und Gestaltungsm\u00f6glichkeit f\u00fcr Ihr Zuhause. Genau deswegen versuchen wir mit den verschiedensten Zaunarten und Typen Ihrem Garten dem ersten Akzent zu geben. Wir verarbeiten f\u00fcr Sie:&nbsp; Beispiel Bilder:<\/p>\n","protected":false},"author":1,"featured_media":0,"parent":0,"menu_order":0,"comment_status":"closed","ping_status":"closed","template":"","meta":{"footnotes":""},"class_list":["post-169","page","type-page","status-publish","hentry"],"_links":{"self":[{"href":"https:\/\/gollong-hausmeisterservice.de\/index.php?rest_route=\/wp\/v2\/pages\/169","targetHints":{"allow":["GET"]}}],"collection":[{"href":"https:\/\/gollong-hausmeisterservice.de\/index.php?rest_route=\/wp\/v2\/pages"}],"about":[{"href":"https:\/\/gollong-hausmeisterservice.de\/index.php?rest_route=\/wp\/v2\/types\/page"}],"author":[{"embeddable":true,"href":"https:\/\/gollong-hausmeisterservice.de\/index.php?rest_route=\/wp\/v2\/users\/1"}],"replies":[{"embeddable":true,"href":"https:\/\/gollong-hausmeisterservice.de\/index.php?rest_route=%2Fwp%2Fv2%2Fcomments&post=169"}],"version-history":[{"count":25,"href":"https:\/\/gollong-hausmeisterservice.de\/index.php?rest_route=\/wp\/v2\/pages\/169\/revisions"}],"predecessor-version":[{"id":891,"href":"https:\/\/gollong-hausmeisterservice.de\/index.php?rest_route=\/wp\/v2\/pages\/169\/revisions\/891"}],"wp:attachment":[{"href":"https:\/\/gollong-hausmeisterservice.de\/index.php?rest_route=%2Fwp%2Fv2%2Fmedia&parent=169"}],"curies":[{"name":"wp","href":"https:\/\/api.w.org\/{rel}","templated":true}]}}