{"id":161,"date":"2018-12-17T20:33:07","date_gmt":"2018-12-17T20:33:07","guid":{"rendered":"http:\/\/gollong-hausmeisterservice.de\/?page_id=161"},"modified":"2018-12-18T17:45:25","modified_gmt":"2018-12-18T17:45:25","slug":"reparaturservice-2","status":"publish","type":"page","link":"https:\/\/gollong-hausmeisterservice.de\/?page_id=161","title":{"rendered":"Reparaturservice"},"content":{"rendered":"<p>Selbstverst\u00e4ndlich geh\u00f6ren Reparaturleistungen zu unserem Angebot.<\/p>\n<p>Kleinere Reparaturen erledigen wir gleich vor Ort und Stelle.<\/p>\n<p>F\u00fcr gr\u00f6\u00dfere Reparaturen erstellen wir Ihnen erst einen Kostenvoranschlag und beraten Sie auf Wunsch gerne \u00fcber verschiedene Alternativen.<\/p>\n<p>Unsere Leistungen:<\/p>\n<ul>\n<li>kleinere Installationsarbeiten<\/li>\n<li>Laminat, Vinyl und Parkettverlegung<\/li>\n<li>Malerarbeiten<\/li>\n<li>Montageservice<\/li>\n<li>und vieles mehr<\/li>\n<\/ul>\n\n\n<figure class=\"wp-block-image is-resized\"><img loading=\"lazy\" decoding=\"async\" src=\"http:\/\/gollong-hausmeisterservice.de\/wp-content\/uploads\/2018\/12\/laminat-2-576x1024.jpg\" alt=\"\" class=\"wp-image-259\" width=\"154\" height=\"273\" srcset=\"https:\/\/gollong-hausmeisterservice.de\/wp-content\/uploads\/2018\/12\/laminat-2-576x1024.jpg 576w, https:\/\/gollong-hausmeisterservice.de\/wp-content\/uploads\/2018\/12\/laminat-2-169x300.jpg 169w, https:\/\/gollong-hausmeisterservice.de\/wp-content\/uploads\/2018\/12\/laminat-2-768x1366.jpg 768w, https:\/\/gollong-hausmeisterservice.de\/wp-content\/uploads\/2018\/12\/laminat-2.jpg 899w\" sizes=\"auto, (max-width: 154px) 100vw, 154px\" \/><figcaption>Verlegungs von\u00a0 Laminatboden\u00a0<\/figcaption><\/figure>\n\n\n\n<figure class=\"wp-block-image is-resized\"><img loading=\"lazy\" decoding=\"async\" src=\"http:\/\/gollong-hausmeisterservice.de\/wp-content\/uploads\/2018\/12\/vorher-1-1024x576.jpg\" alt=\"\" class=\"wp-image-262\" width=\"381\" height=\"214\" srcset=\"https:\/\/gollong-hausmeisterservice.de\/wp-content\/uploads\/2018\/12\/vorher-1-1024x576.jpg 1024w, https:\/\/gollong-hausmeisterservice.de\/wp-content\/uploads\/2018\/12\/vorher-1-300x169.jpg 300w, https:\/\/gollong-hausmeisterservice.de\/wp-content\/uploads\/2018\/12\/vorher-1-768x432.jpg 768w, https:\/\/gollong-hausmeisterservice.de\/wp-content\/uploads\/2018\/12\/vorher-1.jpg 1599w\" sizes=\"auto, (max-width: 381px) 100vw, 381px\" \/><figcaption>Verlegung von Vinyl<\/figcaption><\/figure>\n","protected":false},"excerpt":{"rendered":"<p>Selbstverst\u00e4ndlich geh\u00f6ren Reparaturleistungen zu unserem Angebot. Kleinere Reparaturen erledigen wir gleich vor Ort und Stelle. F\u00fcr gr\u00f6\u00dfere Reparaturen erstellen wir Ihnen erst einen Kostenvoranschlag und beraten Sie auf Wunsch gerne \u00fcber verschiedene Alternativen. Unsere Leistungen: kleinere Installationsarbeiten Laminat, Vinyl und Parkettverlegung Malerarbeiten Montageservice und vieles mehr<\/p>\n","protected":false},"author":1,"featured_media":0,"parent":0,"menu_order":0,"comment_status":"closed","ping_status":"closed","template":"","meta":{"footnotes":""},"class_list":["post-161","page","type-page","status-publish","hentry"],"_links":{"self":[{"href":"https:\/\/gollong-hausmeisterservice.de\/index.php?rest_route=\/wp\/v2\/pages\/161","targetHints":{"allow":["GET"]}}],"collection":[{"href":"https:\/\/gollong-hausmeisterservice.de\/index.php?rest_route=\/wp\/v2\/pages"}],"about":[{"href":"https:\/\/gollong-hausmeisterservice.de\/index.php?rest_route=\/wp\/v2\/types\/page"}],"author":[{"embeddable":true,"href":"https:\/\/gollong-hausmeisterservice.de\/index.php?rest_route=\/wp\/v2\/users\/1"}],"replies":[{"embeddable":true,"href":"https:\/\/gollong-hausmeisterservice.de\/index.php?rest_route=%2Fwp%2Fv2%2Fcomments&post=161"}],"version-history":[{"count":4,"href":"https:\/\/gollong-hausmeisterservice.de\/index.php?rest_route=\/wp\/v2\/pages\/161\/revisions"}],"predecessor-version":[{"id":263,"href":"https:\/\/gollong-hausmeisterservice.de\/index.php?rest_route=\/wp\/v2\/pages\/161\/revisions\/263"}],"wp:attachment":[{"href":"https:\/\/gollong-hausmeisterservice.de\/index.php?rest_route=%2Fwp%2Fv2%2Fmedia&parent=161"}],"curies":[{"name":"wp","href":"https:\/\/api.w.org\/{rel}","templated":true}]}}