{"id":139,"date":"2018-12-17T19:36:50","date_gmt":"2018-12-17T19:36:50","guid":{"rendered":"http:\/\/gollong-hausmeisterservice.de\/?page_id=139"},"modified":"2018-12-18T19:33:59","modified_gmt":"2018-12-18T19:33:59","slug":"innenreinigung","status":"publish","type":"page","link":"https:\/\/gollong-hausmeisterservice.de\/?page_id=139","title":{"rendered":"Innenreinigung"},"content":{"rendered":"<p>Sie legen Wert\u00a0 auf ein gepflegtes Erscheinungsbild?<\/p>\n<p>Ihr Treppenaufgang soll auf Besucher einen ersten guten Eindruck machen?<\/p>\n<p>Unsere Treppenhausreinigung sorgt f\u00fcr Sauberkeit bei den Auf- und Abg\u00e4ngen Ihres Objekts.<\/p>\n<ul>\n<li>Feuchtes Wischen d. Bodenbel\u00e4ge mit geeigneten Reinigungsmittel<\/li>\n<li>Gel\u00e4nder und Handl\u00e4ufe abwischen<\/li>\n<li>Schalter und Briefk\u00e4sten feucht wischen<\/li>\n<li>Fahrstuhlkabinen u. deren T\u00fcren innen u. au\u00dfen reinigen<\/li>\n<li>Papierk\u00f6rbe entleeren<\/li>\n<li>Lampenschirme u. Beleuchtungsk\u00f6rper aussen und reinigen<\/li>\n<li>Treppenhausfenster u. T\u00fcren durch Einwaschen und Abziehen reinigen<\/li>\n<li>Kellerg\u00e4nge u. gemeinschaftliche R\u00e4ume kehren<\/li>\n<li>Grundreinigung von B\u00f6den<\/li>\n<li>Wasch- Trockenr\u00e4ume feucht wischen<\/li>\n<\/ul>\n","protected":false},"excerpt":{"rendered":"<p>Sie legen Wert\u00a0 auf ein gepflegtes Erscheinungsbild? Ihr Treppenaufgang soll auf Besucher einen ersten guten Eindruck machen? Unsere Treppenhausreinigung sorgt f\u00fcr Sauberkeit bei den Auf- und Abg\u00e4ngen Ihres Objekts. Feuchtes Wischen d. Bodenbel\u00e4ge mit geeigneten Reinigungsmittel Gel\u00e4nder und Handl\u00e4ufe abwischen Schalter und Briefk\u00e4sten feucht wischen Fahrstuhlkabinen u. deren T\u00fcren innen u. au\u00dfen reinigen Papierk\u00f6rbe entleeren [&hellip;]<\/p>\n","protected":false},"author":1,"featured_media":0,"parent":0,"menu_order":0,"comment_status":"closed","ping_status":"closed","template":"","meta":{"footnotes":""},"class_list":["post-139","page","type-page","status-publish","hentry"],"_links":{"self":[{"href":"https:\/\/gollong-hausmeisterservice.de\/index.php?rest_route=\/wp\/v2\/pages\/139","targetHints":{"allow":["GET"]}}],"collection":[{"href":"https:\/\/gollong-hausmeisterservice.de\/index.php?rest_route=\/wp\/v2\/pages"}],"about":[{"href":"https:\/\/gollong-hausmeisterservice.de\/index.php?rest_route=\/wp\/v2\/types\/page"}],"author":[{"embeddable":true,"href":"https:\/\/gollong-hausmeisterservice.de\/index.php?rest_route=\/wp\/v2\/users\/1"}],"replies":[{"embeddable":true,"href":"https:\/\/gollong-hausmeisterservice.de\/index.php?rest_route=%2Fwp%2Fv2%2Fcomments&post=139"}],"version-history":[{"count":4,"href":"https:\/\/gollong-hausmeisterservice.de\/index.php?rest_route=\/wp\/v2\/pages\/139\/revisions"}],"predecessor-version":[{"id":291,"href":"https:\/\/gollong-hausmeisterservice.de\/index.php?rest_route=\/wp\/v2\/pages\/139\/revisions\/291"}],"wp:attachment":[{"href":"https:\/\/gollong-hausmeisterservice.de\/index.php?rest_route=%2Fwp%2Fv2%2Fmedia&parent=139"}],"curies":[{"name":"wp","href":"https:\/\/api.w.org\/{rel}","templated":true}]}}